{"id":1028,"date":"2024-05-14T21:58:00","date_gmt":"2024-05-14T19:58:00","guid":{"rendered":"https:\/\/residencestars.cz\/?page_id=1028"},"modified":"2024-07-31T13:10:30","modified_gmt":"2024-07-31T11:10:30","slug":"kam-v-ostrave","status":"publish","type":"page","link":"https:\/\/ubytovanistars.cz\/en\/kam-v-ostrave\/","title":{"rendered":"Explore Ostrava"},"content":{"rendered":"<div id=\"pl-1028\"  class=\"panel-layout\" ><div id=\"pg-1028-0\"  class=\"panel-grid panel-no-style\" ><div id=\"pgc-1028-0-0\"  class=\"panel-grid-cell\" ><div id=\"panel-1028-0-0-0\" class=\"so-panel widget widget_lava-editor panel-first-child panel-last-child\" data-index=\"0\" ><div\n\t\t\t\n\t\t\tclass=\"so-widget-lava-editor so-widget-lava-editor-base\"\n\t\t\t\n\t\t><div class=\"equal-height\"><div class=\"lava-text post-content\"><h4 style=\"text-align: center;\">Ostrava has a varied reputation in the country, often based on its past as a heavy industry hub (which is, of course, an integral part of its identity).<\/h4>\n<h4 style=\"text-align: center;\">However, since the days when Ostrava was known as the \"steel heart\" of the republic, few years have passed, and the city has taken a new direction\u2014towards culture, greenery, and education.<\/h4>\n<h4 style=\"text-align: center;\">Ostrava will evoke a wide range of emotions in you, and you might be surprised at how positive they can be.<\/h4>\n<h4 style=\"text-align: center;\">On this page, you'll find a few tips on how to enjoy the third largest city in the Czech Republic in all its glory. You will discover the current events in Ostrava and its surroundings, where to go for culture, history, or nature, as well as where to find good food, beer, or coffee and cake.<br \/>\nThe map highlights places that we personally recommend and visit. \ud83d\ude0a<\/h4>\n<\/div><\/div><\/div><\/div><\/div><\/div><div id=\"pg-1028-1\"  class=\"panel-grid panel-no-style\" ><div id=\"pgc-1028-1-0\"  class=\"panel-grid-cell\" ><div id=\"panel-1028-1-0-0\" class=\"so-panel widget widget_sow-editor panel-first-child panel-last-child\" data-index=\"1\" ><div\n\t\t\t\n\t\t\tclass=\"so-widget-sow-editor so-widget-sow-editor-base\"\n\t\t\t\n\t\t>\n<div class=\"siteorigin-widget-tinymce textwidget\">\n\t<p><iframe src=\"https:\/\/storage.googleapis.com\/maps-solutions-hj6oxz24j3\/locator-plus\/zida\/locator-plus.html\"\n  width=\"100%\" height=\"600px\"\n  style=\"border:0;\"\n  loading=\"lazy\"><br \/>\n<\/iframe><\/p>\n<\/div>\n<\/div><\/div><\/div><\/div><\/div>","protected":false},"excerpt":{"rendered":"<p>Ostrava m\u00e1 v republice v\u0161elijakou pov\u011bst, \u010dasto v\u0161ak za\u017eitou je\u0161t\u011b z dob t\u011b\u017ek\u00e9ho pr\u016fmyslu (kter\u00fd k n\u00ed samoz\u0159ejm\u011b neodmysliteln\u011b pat\u0159\u00ed). Od dob, kdy Ostrava figurovala jako \u201eocelov\u00e9 srdce\u201c republiky ale uplynulo p\u00e1r let a m\u011bsto se vydalo nov\u00fdm sm\u011brem &#8211; sm\u011brem kultury, zelen\u011b a vzd\u011bl\u00e1n\u00ed. Ostrava ve V\u00e1s vyvol\u00e1 celou \u0161k\u00e1lu pocit\u016f a mo\u017en\u00e1 se [&hellip;]<\/p>","protected":false},"author":2,"featured_media":0,"parent":0,"menu_order":0,"comment_status":"closed","ping_status":"closed","template":"","meta":{"om_disable_all_campaigns":false,"_monsterinsights_skip_tracking":false,"_monsterinsights_sitenote_active":false,"_monsterinsights_sitenote_note":"","_monsterinsights_sitenote_category":0,"two_page_speed":[],"footnotes":""},"class_list":["post-1028","page","type-page","status-publish","hentry"],"aioseo_notices":[],"_links":{"self":[{"href":"https:\/\/ubytovanistars.cz\/en\/wp-json\/wp\/v2\/pages\/1028","targetHints":{"allow":["GET"]}}],"collection":[{"href":"https:\/\/ubytovanistars.cz\/en\/wp-json\/wp\/v2\/pages"}],"about":[{"href":"https:\/\/ubytovanistars.cz\/en\/wp-json\/wp\/v2\/types\/page"}],"author":[{"embeddable":true,"href":"https:\/\/ubytovanistars.cz\/en\/wp-json\/wp\/v2\/users\/2"}],"replies":[{"embeddable":true,"href":"https:\/\/ubytovanistars.cz\/en\/wp-json\/wp\/v2\/comments?post=1028"}],"version-history":[{"count":0,"href":"https:\/\/ubytovanistars.cz\/en\/wp-json\/wp\/v2\/pages\/1028\/revisions"}],"wp:attachment":[{"href":"https:\/\/ubytovanistars.cz\/en\/wp-json\/wp\/v2\/media?parent=1028"}],"curies":[{"name":"wp","href":"https:\/\/api.w.org\/{rel}","templated":true}]}}