{"id":1172,"date":"2024-05-28T00:42:50","date_gmt":"2024-05-27T22:42:50","guid":{"rendered":"https:\/\/residencestars.cz\/?page_id=1172"},"modified":"2025-01-03T11:48:57","modified_gmt":"2025-01-03T10:48:57","slug":"cenik","status":"publish","type":"page","link":"https:\/\/ubytovanistars.cz\/en\/cenik\/","title":{"rendered":"Pricing"},"content":{"rendered":"<div id=\"pl-1172\"  class=\"panel-layout\" ><div id=\"pg-1172-0\"  class=\"panel-grid panel-no-style\" ><div id=\"pgc-1172-0-0\"  class=\"panel-grid-cell\" ><div id=\"panel-1172-0-0-0\" class=\"so-panel widget widget_lava-heading panel-first-child panel-last-child\" data-index=\"0\" ><div\n\t\t\t\n\t\t\tclass=\"so-widget-lava-heading so-widget-lava-heading-default-d75171398898-1172\"\n\t\t\t\n\t\t><div class=\"lava-heading center-align\"><h3 class=\"lava-title\" style=\"font-style:normal;text-transform:none;\">All prices for short-term accommodation are listed under \"Room\" for each room.<\/h3><\/div><\/div><\/div><\/div><\/div><div id=\"pg-1172-1\"  class=\"panel-grid panel-no-style\" ><div id=\"pgc-1172-1-0\"  class=\"panel-grid-cell\" ><div id=\"panel-1172-1-0-0\" class=\"so-panel widget widget_text panel-first-child\" data-index=\"1\" >\t\t\t<div class=\"textwidget\"><p><strong>For long-term stays over 60 nights, we can tailor payment terms to your needs; please contact us <em><a href=\"https:\/\/residencestars.cz\/kontakt\/\" style=\"color: #B98600; text-decoration: underline;\">by phone here.<\/a>.<\/em><\/strong><\/p>\n<\/div>\n\t\t<\/div><div id=\"panel-1172-1-0-1\" class=\"so-panel widget widget_lava-divider panel-last-child\" data-index=\"2\" ><div\n\t\t\t\n\t\t\tclass=\"so-widget-lava-divider so-widget-lava-divider-default-d75171398898-1172\"\n\t\t\t\n\t\t><hr class=\"lava-divider gradient\" style=\"background:#b98600;-webkit-linear-gradient(left,transparent,#b98600,transparent);background:linear-gradient(to right,rgba(0,0,0,0),#b98600,rgba(0,0,0,0));height:5px;\"><\/div><\/div><\/div><\/div><div id=\"pg-1172-2\"  class=\"panel-grid panel-no-style\" ><div id=\"pgc-1172-2-0\"  class=\"panel-grid-cell\" ><div id=\"panel-1172-2-0-0\" class=\"so-panel widget widget_lava-editor panel-first-child panel-last-child\" data-index=\"3\" ><div\n\t\t\t\n\t\t\tclass=\"so-widget-lava-editor so-widget-lava-editor-base\"\n\t\t\t\n\t\t><div class=\"container-fluid equal-height\"><div class=\"lava-text post-content\"><p style=\"font-weight: 400;\"><img loading=\"lazy\" decoding=\"async\" class=\"wp-image-535 alignnone\" src=\"https:\/\/residencestars.cz\/wp-content\/uploads\/2024\/05\/cropped-Star_trns-2-300x300.png\" alt=\"\" width=\"18\" height=\"18\" srcset=\"https:\/\/ubytovanistars.cz\/wp-content\/uploads\/2024\/05\/cropped-Star_trns-2-300x300.png 300w, https:\/\/ubytovanistars.cz\/wp-content\/uploads\/2024\/05\/cropped-Star_trns-2-150x150.png 150w, https:\/\/ubytovanistars.cz\/wp-content\/uploads\/2024\/05\/cropped-Star_trns-2-100x100.png 100w, https:\/\/ubytovanistars.cz\/wp-content\/uploads\/2024\/05\/cropped-Star_trns-2-270x270.png 270w, https:\/\/ubytovanistars.cz\/wp-content\/uploads\/2024\/05\/cropped-Star_trns-2-192x192.png 192w, https:\/\/ubytovanistars.cz\/wp-content\/uploads\/2024\/05\/cropped-Star_trns-2-180x180.png 180w, https:\/\/ubytovanistars.cz\/wp-content\/uploads\/2024\/05\/cropped-Star_trns-2-32x32.png 32w, https:\/\/ubytovanistars.cz\/wp-content\/uploads\/2024\/05\/cropped-Star_trns-2.png 512w\" sizes=\"auto, (max-width: 18px) 100vw, 18px\" \/>Pokud V\u00e1m nesta\u010d\u00ed kapacita na\u0161ich pokoj\u016f, nevad\u00ed \u2013 r\u00e1di V\u00e1m p\u0159ichyst\u00e1me na pokoj p\u0159ist\u00fdlku za p\u0159\u00edplatek 200 K\u010d.<\/p>\n<p style=\"font-weight: 400;\"><img loading=\"lazy\" decoding=\"async\" class=\"wp-image-535 alignnone\" src=\"https:\/\/residencestars.cz\/wp-content\/uploads\/2024\/05\/cropped-Star_trns-2-300x300.png\" alt=\"\" width=\"18\" height=\"18\" srcset=\"https:\/\/ubytovanistars.cz\/wp-content\/uploads\/2024\/05\/cropped-Star_trns-2-300x300.png 300w, https:\/\/ubytovanistars.cz\/wp-content\/uploads\/2024\/05\/cropped-Star_trns-2-150x150.png 150w, https:\/\/ubytovanistars.cz\/wp-content\/uploads\/2024\/05\/cropped-Star_trns-2-100x100.png 100w, https:\/\/ubytovanistars.cz\/wp-content\/uploads\/2024\/05\/cropped-Star_trns-2-270x270.png 270w, https:\/\/ubytovanistars.cz\/wp-content\/uploads\/2024\/05\/cropped-Star_trns-2-192x192.png 192w, https:\/\/ubytovanistars.cz\/wp-content\/uploads\/2024\/05\/cropped-Star_trns-2-180x180.png 180w, https:\/\/ubytovanistars.cz\/wp-content\/uploads\/2024\/05\/cropped-Star_trns-2-32x32.png 32w, https:\/\/ubytovanistars.cz\/wp-content\/uploads\/2024\/05\/cropped-Star_trns-2.png 512w\" sizes=\"auto, (max-width: 18px) 100vw, 18px\" \/>The accommodation price <strong>does not include<\/strong> poplatek m\u011bstu, kter\u00fd \u010din\u00ed od 1.1. 2025 4<strong>5k\u010d\/osoba<\/strong> from January 1, 2024.<\/p>\n<p style=\"font-weight: 400;\"><img loading=\"lazy\" decoding=\"async\" class=\"wp-image-535 alignnone\" src=\"https:\/\/residencestars.cz\/wp-content\/uploads\/2024\/05\/cropped-Star_trns-2-300x300.png\" alt=\"\" width=\"18\" height=\"18\" srcset=\"https:\/\/ubytovanistars.cz\/wp-content\/uploads\/2024\/05\/cropped-Star_trns-2-300x300.png 300w, https:\/\/ubytovanistars.cz\/wp-content\/uploads\/2024\/05\/cropped-Star_trns-2-150x150.png 150w, https:\/\/ubytovanistars.cz\/wp-content\/uploads\/2024\/05\/cropped-Star_trns-2-100x100.png 100w, https:\/\/ubytovanistars.cz\/wp-content\/uploads\/2024\/05\/cropped-Star_trns-2-270x270.png 270w, https:\/\/ubytovanistars.cz\/wp-content\/uploads\/2024\/05\/cropped-Star_trns-2-192x192.png 192w, https:\/\/ubytovanistars.cz\/wp-content\/uploads\/2024\/05\/cropped-Star_trns-2-180x180.png 180w, https:\/\/ubytovanistars.cz\/wp-content\/uploads\/2024\/05\/cropped-Star_trns-2-32x32.png 32w, https:\/\/ubytovanistars.cz\/wp-content\/uploads\/2024\/05\/cropped-Star_trns-2.png 512w\" sizes=\"auto, (max-width: 18px) 100vw, 18px\" \/>In case of an early departure, Stars reserves the right to charge a cancellation fee calculated from the remaining amount for the number of nights canceled: 14-4 nights \u2013 30%, 3 or fewer nights \u2013 100%.<\/p>\n<\/div><\/div><\/div><\/div><\/div><\/div><div id=\"pg-1172-3\"  class=\"panel-grid panel-no-style\" ><div id=\"pgc-1172-3-0\"  class=\"panel-grid-cell\" ><div id=\"panel-1172-3-0-0\" class=\"so-panel widget widget_lava-divider panel-first-child panel-last-child\" data-index=\"4\" ><div\n\t\t\t\n\t\t\tclass=\"so-widget-lava-divider so-widget-lava-divider-default-d75171398898-1172\"\n\t\t\t\n\t\t><hr class=\"lava-divider gradient\" style=\"background:#b98600;-webkit-linear-gradient(left,transparent,#b98600,transparent);background:linear-gradient(to right,rgba(0,0,0,0),#b98600,rgba(0,0,0,0));height:5px;\"><\/div><\/div><\/div><\/div><div id=\"pg-1172-4\"  class=\"panel-grid panel-no-style\" ><div id=\"pgc-1172-4-0\"  class=\"panel-grid-cell\" ><div id=\"panel-1172-4-0-0\" class=\"so-panel widget widget_lava-divider panel-first-child\" data-index=\"5\" ><div\n\t\t\t\n\t\t\tclass=\"so-widget-lava-divider so-widget-lava-divider-default-d75171398898-1172\"\n\t\t\t\n\t\t><hr class=\"lava-divider solid\" style=\"border-top-width:2px;\"><\/div><\/div><div id=\"panel-1172-4-0-1\" class=\"so-panel widget widget_lava-button panel-last-child\" data-index=\"6\" ><div\n\t\t\t\n\t\t\tclass=\"so-widget-lava-button so-widget-lava-button-flat-7ad5a00e3a0a-1172\"\n\t\t\t\n\t\t><div class=\"lava-button-wrapper center-align\"><a href=\"https:\/\/ubytovanistars.cz\/en\/nabidkapokoju\/\" class=\"lava-button-flat\">Rooms<\/a><\/div><\/div><\/div><\/div><\/div><\/div>","protected":false},"excerpt":{"rendered":"<p>V p\u0159\u00edpad\u011b dlouhodob\u00e9ho pron\u00e1jmu nad 60 noc\u00ed V\u00e1m u\u0161ijeme platebn\u00ed podm\u00ednky na m\u00edru, ozv\u011bte se n\u00e1m pros\u00edm telefonicky zde.<\/p>","protected":false},"author":2,"featured_media":0,"parent":0,"menu_order":0,"comment_status":"closed","ping_status":"closed","template":"page-builder.php","meta":{"om_disable_all_campaigns":false,"_monsterinsights_skip_tracking":false,"_monsterinsights_sitenote_active":false,"_monsterinsights_sitenote_note":"","_monsterinsights_sitenote_category":0,"two_page_speed":[],"footnotes":""},"class_list":["post-1172","page","type-page","status-publish","hentry"],"aioseo_notices":[],"_links":{"self":[{"href":"https:\/\/ubytovanistars.cz\/en\/wp-json\/wp\/v2\/pages\/1172","targetHints":{"allow":["GET"]}}],"collection":[{"href":"https:\/\/ubytovanistars.cz\/en\/wp-json\/wp\/v2\/pages"}],"about":[{"href":"https:\/\/ubytovanistars.cz\/en\/wp-json\/wp\/v2\/types\/page"}],"author":[{"embeddable":true,"href":"https:\/\/ubytovanistars.cz\/en\/wp-json\/wp\/v2\/users\/2"}],"replies":[{"embeddable":true,"href":"https:\/\/ubytovanistars.cz\/en\/wp-json\/wp\/v2\/comments?post=1172"}],"version-history":[{"count":0,"href":"https:\/\/ubytovanistars.cz\/en\/wp-json\/wp\/v2\/pages\/1172\/revisions"}],"wp:attachment":[{"href":"https:\/\/ubytovanistars.cz\/en\/wp-json\/wp\/v2\/media?parent=1172"}],"curies":[{"name":"wp","href":"https:\/\/api.w.org\/{rel}","templated":true}]}}