{"id":1551,"date":"2024-08-01T09:54:21","date_gmt":"2024-08-01T07:54:21","guid":{"rendered":"https:\/\/residencestars.cz\/?page_id=1551"},"modified":"2024-10-03T23:03:56","modified_gmt":"2024-10-03T21:03:56","slug":"1551-2","status":"publish","type":"page","link":"https:\/\/ubytovanistars.cz\/en\/1551-2\/","title":{"rendered":"TEST &#8211; Student"},"content":{"rendered":"<p><\/p>\n\n\n<div id=\"pl-gb1551-69f6174e66eec\"  class=\"panel-layout\" ><div id=\"pg-gb1551-69f6174e66eec-0\"  class=\"panel-grid panel-no-style\" ><div id=\"pgc-gb1551-69f6174e66eec-0-0\"  class=\"panel-grid-cell\" ><div id=\"panel-gb1551-69f6174e66eec-0-0-0\" class=\"so-panel widget widget_lava-heading panel-first-child panel-last-child\" data-index=\"0\" ><div\n\t\t\t\n\t\t\tclass=\"so-widget-lava-heading so-widget-lava-heading-default-d75171398898-1551\"\n\t\t\t\n\t\t><div class=\"lava-heading left-align\"><h4 class=\"lava-title\" style=\"font-family:&quot;Afacad:600&quot;;font-style:normal;text-transform:none;\">Hled\u00e1\u0161 m\u00edsto, kde se bude\u0161 c\u00edtit jako doma? Nav\u00edc za skv\u011bl\u00e9 ceny? M\u00e1me pro Tebe \u0159e\u0161en\u00ed!<\/h4><\/div><\/div><\/div><\/div><\/div><div id=\"pg-gb1551-69f6174e66eec-1\"  class=\"panel-grid panel-no-style\" ><div id=\"pgc-gb1551-69f6174e66eec-1-0\"  class=\"panel-grid-cell\" ><div id=\"panel-gb1551-69f6174e66eec-1-0-0\" class=\"so-panel widget widget_lava-content-block panel-first-child panel-last-child\" data-index=\"1\" ><div\n\t\t\t\n\t\t\tclass=\"so-widget-lava-content-block so-widget-lava-content-block-default-d75171398898-1551\"\n\t\t\t\n\t\t><div class=\"lava-content-block\">\r\n\r\n\t\t\t\r\n\t\t<div class=\"container-full\">\r\n\t\t\t<div class=\"title-wrapper left-align\" style=\"color:#b98600\"><h3 class=\"widget-title\">Co Ti m\u016f\u017eeme nab\u00eddnout?<\/h3><\/div>\t\t\t<div class=\"lava-text\"><ul>\n \t<li style=\"list-style-type: none;\">\n<ul>\n \t<li>Furnished apartments 3+1 or 4+1 with 6 beds. (<strong>Wifi<\/strong>, bed, desk, storage spaces, TV, kitchen utensils. )<\/li>\n \t<li>Each apartment has its own kitchen and bathroom \u2013 you share it only with your roommates.<\/li>\n \t<li>Wi-Fi, energy, and water <strong>with no additional fees.<\/strong><\/li>\n \t<li>We take care of the cleaning.<strong> free<\/strong><\/li>\n \t<li>Super lokalita &#8211; Apartm\u00e1ny jsou v bl\u00edzkosti OSU i V\u0160B, 150 metr\u016f od zast\u00e1vky MHD a obchodu.<\/li>\n \t<li>Prices from 6 000 CZK per month per bed<\/li>\n \t<li>Privacy? <span style=\"font-weight: 400;\">Nepr\u016fchoz\u00ed pokoje od 10 000 K\u010d\/m\u011bs\u00edc ti zajist\u00ed maxim\u00e1ln\u00ed klid a komfort.<\/span><\/li>\n \t<li><span style=\"font-weight: 400;\"> \ud83d\udcde <a href=\"tel:+420606723928\">+420 606 723 928<\/a> \/ \ud83d\udce7 <a href=\"mailto:ubytovna.stars@seznam.cz\">ubytovna.stars@seznam.cz \u00a0<\/a> <\/span>or form bellow with subject <strong>STUDENT<\/strong><\/li>\n<\/ul>\n<\/li>\n<\/ul>\n&nbsp;\n\nKapacita byt\u016f je omezena, ozvi se n\u00e1m co nejd\u0159\u00edve!<\/div>\r\n\t\t<\/div>\r\n\r\n\t\r\n<\/div><\/div><\/div><\/div><\/div><div id=\"pg-gb1551-69f6174e66eec-2\"  class=\"panel-grid panel-no-style\" ><div id=\"pgc-gb1551-69f6174e66eec-2-0\"  class=\"panel-grid-cell\" ><div id=\"panel-gb1551-69f6174e66eec-2-0-0\" class=\"so-panel widget widget_lava-room-gallery panel-first-child panel-last-child\" data-index=\"2\" ><div\n\t\t\t\n\t\t\tclass=\"so-widget-lava-room-gallery so-widget-lava-room-gallery-default-d75171398898-1551\"\n\t\t\t\n\t\t><div class=\"hotel-room-gallery\">\r\n\t\t<div class=\"room-gallery-slider slick-slider\" data-columns=\"4\">\r\n\t\t\t<div>\r\n\t\t\t<a class=\"slide-overlay\" data-fancybox=\"gallery-69f6174e68020\" href=\"https:\/\/ubytovanistars.cz\/wp-content\/uploads\/2024\/10\/DSC0021.jpg\"><\/a>\r\n\t\t\t<img loading=\"lazy\" decoding=\"async\" width=\"480\" height=\"400\" src=\"https:\/\/ubytovanistars.cz\/wp-content\/uploads\/2024\/10\/DSC0021-480x400.jpg\" class=\"attachment-lava_thumb_gallery size-lava_thumb_gallery\" alt=\"\" \/>\t\t<\/div>\r\n\t\t\t<div>\r\n\t\t\t<a class=\"slide-overlay\" data-fancybox=\"gallery-69f6174e68020\" href=\"https:\/\/ubytovanistars.cz\/wp-content\/uploads\/2024\/10\/DSC_0142_edited_BZ.png\"><\/a>\r\n\t\t\t<img loading=\"lazy\" decoding=\"async\" width=\"480\" height=\"400\" src=\"https:\/\/ubytovanistars.cz\/wp-content\/uploads\/2024\/10\/DSC_0142_edited_BZ-480x400.png\" class=\"attachment-lava_thumb_gallery size-lava_thumb_gallery\" alt=\"\" \/>\t\t<\/div>\r\n\t\t\t<div>\r\n\t\t\t<a class=\"slide-overlay\" data-fancybox=\"gallery-69f6174e68020\" href=\"https:\/\/ubytovanistars.cz\/wp-content\/uploads\/2024\/10\/DSC0093.jpg\"><\/a>\r\n\t\t\t<img loading=\"lazy\" decoding=\"async\" width=\"480\" height=\"400\" src=\"https:\/\/ubytovanistars.cz\/wp-content\/uploads\/2024\/10\/DSC0093-480x400.jpg\" class=\"attachment-lava_thumb_gallery size-lava_thumb_gallery\" alt=\"\" \/>\t\t<\/div>\r\n\t\t\t<div>\r\n\t\t\t<a class=\"slide-overlay\" data-fancybox=\"gallery-69f6174e68020\" href=\"https:\/\/ubytovanistars.cz\/wp-content\/uploads\/2024\/05\/DSC0079-1.jpg\"><\/a>\r\n\t\t\t<img loading=\"lazy\" decoding=\"async\" width=\"480\" height=\"400\" src=\"https:\/\/ubytovanistars.cz\/wp-content\/uploads\/2024\/05\/DSC0079-1-480x400.jpg\" class=\"attachment-lava_thumb_gallery size-lava_thumb_gallery\" alt=\"\" \/>\t\t<\/div>\r\n\t\t\t<div>\r\n\t\t\t<a class=\"slide-overlay\" data-fancybox=\"gallery-69f6174e68020\" href=\"https:\/\/ubytovanistars.cz\/wp-content\/uploads\/2024\/10\/DSC_0142_edited_BZ.png\"><\/a>\r\n\t\t\t<img loading=\"lazy\" decoding=\"async\" width=\"480\" height=\"400\" src=\"https:\/\/ubytovanistars.cz\/wp-content\/uploads\/2024\/10\/DSC_0142_edited_BZ-480x400.png\" class=\"attachment-lava_thumb_gallery size-lava_thumb_gallery\" alt=\"\" \/>\t\t<\/div>\r\n\t\t\t<div>\r\n\t\t\t<a class=\"slide-overlay\" data-fancybox=\"gallery-69f6174e68020\" href=\"https:\/\/ubytovanistars.cz\/wp-content\/uploads\/2024\/05\/DSC0043.jpg\"><\/a>\r\n\t\t\t<img loading=\"lazy\" decoding=\"async\" width=\"480\" height=\"400\" src=\"https:\/\/ubytovanistars.cz\/wp-content\/uploads\/2024\/05\/DSC0043-480x400.jpg\" class=\"attachment-lava_thumb_gallery size-lava_thumb_gallery\" alt=\"\" \/>\t\t<\/div>\r\n\t\t\t<div>\r\n\t\t\t<a class=\"slide-overlay\" data-fancybox=\"gallery-69f6174e68020\" href=\"https:\/\/ubytovanistars.cz\/wp-content\/uploads\/2024\/05\/DSC6569_bar.jpg\"><\/a>\r\n\t\t\t<img loading=\"lazy\" decoding=\"async\" width=\"480\" height=\"400\" src=\"https:\/\/ubytovanistars.cz\/wp-content\/uploads\/2024\/05\/DSC6569_bar-480x400.jpg\" class=\"attachment-lava_thumb_gallery size-lava_thumb_gallery\" alt=\"\" \/>\t\t<\/div>\r\n\t\t\t<div>\r\n\t\t\t<a class=\"slide-overlay\" data-fancybox=\"gallery-69f6174e68020\" href=\"https:\/\/ubytovanistars.cz\/wp-content\/uploads\/2024\/05\/DSC6563_bar.jpg\"><\/a>\r\n\t\t\t<img loading=\"lazy\" decoding=\"async\" width=\"480\" height=\"400\" src=\"https:\/\/ubytovanistars.cz\/wp-content\/uploads\/2024\/05\/DSC6563_bar-480x400.jpg\" class=\"attachment-lava_thumb_gallery size-lava_thumb_gallery\" alt=\"\" \/>\t\t<\/div>\r\n\t\t\t<div>\r\n\t\t\t<a class=\"slide-overlay\" data-fancybox=\"gallery-69f6174e68020\" href=\"https:\/\/ubytovanistars.cz\/wp-content\/uploads\/2024\/05\/DSC0105_HQ-scaled.jpg\"><\/a>\r\n\t\t\t<img loading=\"lazy\" decoding=\"async\" width=\"480\" height=\"400\" src=\"https:\/\/ubytovanistars.cz\/wp-content\/uploads\/2024\/05\/DSC0105_HQ-480x400.jpg\" class=\"attachment-lava_thumb_gallery size-lava_thumb_gallery\" alt=\"\" \/>\t\t<\/div>\r\n\t\t\t<div>\r\n\t\t\t<a class=\"slide-overlay\" data-fancybox=\"gallery-69f6174e68020\" href=\"https:\/\/ubytovanistars.cz\/wp-content\/uploads\/2024\/10\/DSC0062.jpg\"><\/a>\r\n\t\t\t<img loading=\"lazy\" decoding=\"async\" width=\"480\" height=\"400\" src=\"https:\/\/ubytovanistars.cz\/wp-content\/uploads\/2024\/10\/DSC0062-480x400.jpg\" class=\"attachment-lava_thumb_gallery size-lava_thumb_gallery\" alt=\"\" \/>\t\t<\/div>\r\n\t\t<\/div>\r\n<\/div>\r\n<\/div><\/div><\/div><\/div><div id=\"pg-gb1551-69f6174e66eec-3\"  class=\"panel-grid panel-no-style\" ><div id=\"pgc-gb1551-69f6174e66eec-3-0\"  class=\"panel-grid-cell panel-grid-cell-empty panel-grid-cell-mobile-last\" ><\/div><div id=\"pgc-gb1551-69f6174e66eec-3-1\"  class=\"panel-grid-cell panel-grid-cell-empty\" ><\/div><\/div><\/div>","protected":false},"excerpt":{"rendered":"","protected":false},"author":2,"featured_media":0,"parent":0,"menu_order":0,"comment_status":"closed","ping_status":"closed","template":"","meta":{"om_disable_all_campaigns":false,"_monsterinsights_skip_tracking":false,"_monsterinsights_sitenote_active":false,"_monsterinsights_sitenote_note":"","_monsterinsights_sitenote_category":0,"two_page_speed":[],"footnotes":""},"class_list":["post-1551","page","type-page","status-publish","hentry"],"aioseo_notices":[],"_links":{"self":[{"href":"https:\/\/ubytovanistars.cz\/en\/wp-json\/wp\/v2\/pages\/1551","targetHints":{"allow":["GET"]}}],"collection":[{"href":"https:\/\/ubytovanistars.cz\/en\/wp-json\/wp\/v2\/pages"}],"about":[{"href":"https:\/\/ubytovanistars.cz\/en\/wp-json\/wp\/v2\/types\/page"}],"author":[{"embeddable":true,"href":"https:\/\/ubytovanistars.cz\/en\/wp-json\/wp\/v2\/users\/2"}],"replies":[{"embeddable":true,"href":"https:\/\/ubytovanistars.cz\/en\/wp-json\/wp\/v2\/comments?post=1551"}],"version-history":[{"count":0,"href":"https:\/\/ubytovanistars.cz\/en\/wp-json\/wp\/v2\/pages\/1551\/revisions"}],"wp:attachment":[{"href":"https:\/\/ubytovanistars.cz\/en\/wp-json\/wp\/v2\/media?parent=1551"}],"curies":[{"name":"wp","href":"https:\/\/api.w.org\/{rel}","templated":true}]}}