{"id":482,"date":"2024-05-08T23:20:31","date_gmt":"2024-05-08T23:20:31","guid":{"rendered":"https:\/\/residencestars.cz\/?page_id=482"},"modified":"2024-10-30T23:46:29","modified_gmt":"2024-10-30T22:46:29","slug":"nabidkapokoju","status":"publish","type":"page","link":"https:\/\/ubytovanistars.cz\/en\/nabidkapokoju\/","title":{"rendered":"Nab\u00eddka pokoj\u016f old"},"content":{"rendered":"<div id=\"pl-gb482-69f25a73b0878\"  class=\"panel-layout\" ><div id=\"pg-gb482-69f25a73b0878-0\"  class=\"panel-grid panel-no-style\" ><div id=\"pgc-gb482-69f25a73b0878-0-0\"  class=\"panel-grid-cell\" ><div id=\"panel-gb482-69f25a73b0878-0-0-0\" class=\"so-panel widget widget_lava-heading panel-first-child panel-last-child\" data-index=\"0\" ><div class=\"panel-widget-style panel-widget-style-for-gb482-69f25a73b0878-0-0-0\" ><div\n\t\t\t\n\t\t\tclass=\"so-widget-lava-heading so-widget-lava-heading-default-d75171398898-482\"\n\t\t\t\n\t\t><div class=\"lava-heading center-align\"><h3 class=\"lava-title\" style=\"color:#b98600;font-size:3rem;font-weight:400;font-style:normal;text-transform:capitalize;\">Pokoje Stars<\/h3><div class=\"lava-subtitle\">Na\u0161e byty jsou pln\u011b vybaven\u00e9, dob\u0159e situovan\u00e9 a denn\u011b ukl\u00edzen\u00e9, aby V\u00e1\u0161 \u010das str\u00e1ven\u00fdmi s n\u00e1mi byl co nejpohodln\u011bj\u0161\u00ed.\n \nRezervujte si sv\u016fj byt v Residenc\u00edch Stars, kter\u00fd V\u00e1m bude vyhovovat nejv\u00edce, a\u0165 u\u017e je to modern\u00ed Komfort (4-6 l\u016f\u017eek), pohodln\u00fd Apartm\u00e1n (6 l\u016f\u017eek), nebo cenov\u011b nejdostupn\u011bj\u0161\u00ed Standart (4-6 l\u016f\u017eek).<\/div><\/div><\/div><\/div><\/div><\/div><\/div><div id=\"pg-gb482-69f25a73b0878-1\"  class=\"panel-grid panel-no-style\" ><div id=\"pgc-gb482-69f25a73b0878-1-0\"  class=\"panel-grid-cell\" ><div id=\"panel-gb482-69f25a73b0878-1-0-0\" class=\"so-panel widget widget_siteorigin-panels-builder panel-first-child panel-last-child\" data-index=\"1\" ><div id=\"pl-w66559e4bef649\"  class=\"panel-layout\" ><div id=\"pg-w66559e4bef649-0\"  class=\"panel-grid panel-no-style\" ><div id=\"pgc-w66559e4bef649-0-0\"  class=\"panel-grid-cell\" ><div id=\"panel-w66559e4bef649-0-0-0\" class=\"so-panel widget widget_lava-rooms-slider panel-first-child panel-last-child\" data-index=\"0\" ><div\n\t\t\t\n\t\t\tclass=\"so-widget-lava-rooms-slider so-widget-lava-rooms-slider-default-d75171398898\"\n\t\t\t\n\t\t><div class=\"lava-rooms-slider\">\r\n    <div class=\"slick-slider column-3\" data-columns=\"3\">\r\n            <div class=\"\">\r\n                        <div class=\"post-info\">\r\n                <h3 class=\"title\"><a href=\"https:\/\/ubytovanistars.cz\/en\/galerie\/\">Gallery<\/a><\/h3>                                            <\/div>\r\n        <\/div>\r\n                <div class=\"\">\r\n                        <div class=\"post-info\">\r\n                <h3 class=\"title\"><a href=\"https:\/\/ubytovanistars.cz\/en\/student\/\">Dlouhodob\u00e9 Ubytov\u00e1n\u00ed v Ostrav\u011b<\/a><\/h3>                                            <\/div>\r\n        <\/div>\r\n                <div class=\"\">\r\n                        <div class=\"post-info\">\r\n                <h3 class=\"title\"><a href=\"https:\/\/ubytovanistars.cz\/en\/nabidka-pokoju\/\">Nab\u00eddka pokoj\u016f &#8211; Better Hotel<\/a><\/h3>                                            <\/div>\r\n        <\/div>\r\n                <div class=\"\">\r\n                        <div class=\"post-info\">\r\n                <h3 class=\"title\"><a href=\"https:\/\/ubytovanistars.cz\/en\/1551-2\/\">TEST &#8211; Student<\/a><\/h3>                                            <\/div>\r\n        <\/div>\r\n                <div class=\"\">\r\n                        <div class=\"post-info\">\r\n                <h3 class=\"title\"><a href=\"https:\/\/ubytovanistars.cz\/en\/betterhotel\/\"><\/a><\/h3>                                            <\/div>\r\n        <\/div>\r\n                <div class=\"\">\r\n            <div class=\"post-thumb\"><a href=\"https:\/\/ubytovanistars.cz\/en\/standart\/\"><img loading=\"lazy\" decoding=\"async\" width=\"640\" height=\"640\" src=\"https:\/\/ubytovanistars.cz\/wp-content\/uploads\/2024\/05\/DSC0143-640x640.jpg\" class=\"attachment-lava_thumb_medium_s size-lava_thumb_medium_s wp-post-image\" alt=\"\" srcset=\"https:\/\/ubytovanistars.cz\/wp-content\/uploads\/2024\/05\/DSC0143-640x640.jpg 640w, https:\/\/ubytovanistars.cz\/wp-content\/uploads\/2024\/05\/DSC0143-150x150.jpg 150w, https:\/\/ubytovanistars.cz\/wp-content\/uploads\/2024\/05\/DSC0143-100x100.jpg 100w, https:\/\/ubytovanistars.cz\/wp-content\/uploads\/2024\/05\/DSC0143-300x300.jpg 300w\" sizes=\"auto, (max-width: 640px) 100vw, 640px\" \/><div class=\"lava-image-item-overlay\"><\/div><\/a><\/div>            <div class=\"post-info\">\r\n                <h3 class=\"title\"><a href=\"https:\/\/ubytovanistars.cz\/en\/standart\/\">Standart 3+1<\/a><\/h3>                                            <\/div>\r\n        <\/div>\r\n                <div class=\"\">\r\n            <div class=\"post-thumb\"><a href=\"https:\/\/ubytovanistars.cz\/en\/komfort-2\/\"><img loading=\"lazy\" decoding=\"async\" width=\"640\" height=\"640\" src=\"https:\/\/ubytovanistars.cz\/wp-content\/uploads\/2024\/05\/DSC0093-640x640.jpg\" class=\"attachment-lava_thumb_medium_s size-lava_thumb_medium_s wp-post-image\" alt=\"\" srcset=\"https:\/\/ubytovanistars.cz\/wp-content\/uploads\/2024\/05\/DSC0093-640x640.jpg 640w, https:\/\/ubytovanistars.cz\/wp-content\/uploads\/2024\/05\/DSC0093-150x150.jpg 150w, https:\/\/ubytovanistars.cz\/wp-content\/uploads\/2024\/05\/DSC0093-100x100.jpg 100w, https:\/\/ubytovanistars.cz\/wp-content\/uploads\/2024\/05\/DSC0093-300x300.jpg 300w\" sizes=\"auto, (max-width: 640px) 100vw, 640px\" \/><div class=\"lava-image-item-overlay\"><\/div><\/a><\/div>            <div class=\"post-info\">\r\n                <h3 class=\"title\"><a href=\"https:\/\/ubytovanistars.cz\/en\/komfort-2\/\">Komfort 2+1<\/a><\/h3>                                            <\/div>\r\n        <\/div>\r\n                <div class=\"\">\r\n                        <div class=\"post-info\">\r\n                <h3 class=\"title\"><a href=\"https:\/\/ubytovanistars.cz\/en\/cenik\/\">Pricing<\/a><\/h3>                                            <\/div>\r\n        <\/div>\r\n                <div class=\"\">\r\n            <div class=\"post-thumb\"><a href=\"https:\/\/ubytovanistars.cz\/en\/komfort\/\"><img loading=\"lazy\" decoding=\"async\" width=\"640\" height=\"640\" src=\"https:\/\/ubytovanistars.cz\/wp-content\/uploads\/2024\/05\/DSC0021-640x640.jpg\" class=\"attachment-lava_thumb_medium_s size-lava_thumb_medium_s wp-post-image\" alt=\"\" srcset=\"https:\/\/ubytovanistars.cz\/wp-content\/uploads\/2024\/05\/DSC0021-640x640.jpg 640w, https:\/\/ubytovanistars.cz\/wp-content\/uploads\/2024\/05\/DSC0021-150x150.jpg 150w, https:\/\/ubytovanistars.cz\/wp-content\/uploads\/2024\/05\/DSC0021-100x100.jpg 100w, https:\/\/ubytovanistars.cz\/wp-content\/uploads\/2024\/05\/DSC0021-300x300.jpg 300w\" sizes=\"auto, (max-width: 640px) 100vw, 640px\" \/><div class=\"lava-image-item-overlay\"><\/div><\/a><\/div>            <div class=\"post-info\">\r\n                <h3 class=\"title\"><a href=\"https:\/\/ubytovanistars.cz\/en\/komfort\/\">Komfort 3+1<\/a><\/h3>                                            <\/div>\r\n        <\/div>\r\n                <div class=\"\">\r\n                        <div class=\"post-info\">\r\n                <h3 class=\"title\"><a href=\"https:\/\/ubytovanistars.cz\/en\/kam-v-ostrave\/\">Explore Ostrava<\/a><\/h3>                                            <\/div>\r\n        <\/div>\r\n                    <\/div>\r\n<\/div><\/div><\/div><\/div><\/div><\/div><\/div><\/div><\/div><div id=\"pg-gb482-69f25a73b0878-2\"  class=\"panel-grid panel-has-style\" ><div class=\"container-full panel-row-style panel-row-style-for-gb482-69f25a73b0878-2\" ><div id=\"pgc-gb482-69f25a73b0878-2-0\"  class=\"panel-grid-cell\" ><div id=\"panel-gb482-69f25a73b0878-2-0-0\" class=\"so-panel widget widget_lava-heading panel-first-child\" data-index=\"2\" ><div class=\"panel-widget-style panel-widget-style-for-gb482-69f25a73b0878-2-0-0\" ><div\n\t\t\t\n\t\t\tclass=\"so-widget-lava-heading so-widget-lava-heading-default-d75171398898-1028\"\n\t\t\t\n\t\t><div class=\"lava-heading center-align\"><h1 class=\"lava-title\" style=\"color:#B98600;font-size:3rem;font-weight:400;font-style:normal;text-transform:capitalize;\">Gallery<\/h1><\/div><\/div><\/div><\/div><div id=\"panel-gb482-69f25a73b0878-2-0-1\" class=\"so-panel widget widget_bwp_gallery_slideshow bwp_gallery_slideshow panel-last-child\" data-index=\"3\" >\n    <div id=\"bwg_container1_0\"\n         class=\"bwg_container bwg_thumbnail bwg_slideshow\"\n         data-right-click-protection=\"1\"\n         data-bwg=\"0\"\n         data-scroll=\"0\"\n         data-gallery-type=\"slideshow\"\n         data-gallery-view-type=\"slideshow\"\n         data-current-url=\"\/en\/wp-json\/wp\/v2\/pages\/482\"\n         data-lightbox-url=\"https:\/\/ubytovanistars.cz\/wp-admin\/admin-ajax.php?action=GalleryBox&#038;current_view=0&#038;gallery_id=1&#038;tag=0&#038;theme_id=1&#038;shortcode_id=0&#038;sort_by=order&#038;order_by=asc&#038;current_url=%2Fen%2Fwp-json%2Fwp%2Fv2%2Fpages%2F482\"\n         data-gallery-id=\"1\"\n         data-popup-width=\"800\"\n         data-popup-height=\"500\"\n         data-is-album=\"gallery\"\n         data-buttons-position=\"bottom\">\n      <div id=\"bwg_container2_0\">\n             <div id=\"ajax_loading_0\" class=\"bwg_loading_div_1\">\n      <div class=\"bwg_loading_div_2\">\n        <div class=\"bwg_loading_div_3\">\n          <div id=\"loading_div_0\" class=\"bwg_spider_ajax_loading\">\n          <\/div>\n        <\/div>\n      <\/div>\n    <\/div>\n            <form id=\"gal_front_form_0\"\n              class=\"bwg-hidden\"              method=\"post\"\n              action=\"#\"\n              data-current=\"0\"\n              data-shortcode-id=\"0\"\n              data-gallery-type=\"slideshow\"\n              data-gallery-id=\"1\"\n              data-tag=\"0\"\n              data-album-id=\"0\"\n              data-theme-id=\"1\"\n              data-ajax-url=\"https:\/\/ubytovanistars.cz\/wp-admin\/admin-ajax.php?action=bwg_frontend_data\" data-trp-original-action=\"#\">\n          <div id=\"bwg_container3_0\" class=\"bwg-background bwg-background-0\">\n              <div class=\"bwg_slideshow_image_wrap_0 bwg-slideshow-images-wrapper bwg-container\"\n       data-bwg=\"0\"\n       data-lightbox-url=\"https:\/\/ubytovanistars.cz\/wp-admin\/admin-ajax.php?action=GalleryBox&#038;current_view=0&#038;gallery_id=1&#038;tag=0&#038;theme_id=1&#038;shortcode_id=0&#038;sort_by=order&#038;order_by=asc&#038;current_url=%2Fen%2Fwp-json%2Fwp%2Fv2%2Fpages%2F482\">\n          <div class=\"bwg_slideshow_dots_container_0\">\n        <div class=\"bwg_slideshow_dots_thumbnails_0\">\n                      <span id=\"bwg_dots_0_0\" class=\"bwg_slideshow_dots_0 bwg_slideshow_dots_active_0\" onclick=\"bwg_change_image(parseInt(jQuery('#bwg_current_image_key_0').val()), '0', '', '', 0)\" image_id=\"1\" image_key=\"0\"><\/span>\n                        <span id=\"bwg_dots_1_0\" class=\"bwg_slideshow_dots_0 bwg_slideshow_dots_deactive_0\" onclick=\"bwg_change_image(parseInt(jQuery('#bwg_current_image_key_0').val()), '1', '', '', 0)\" image_id=\"2\" image_key=\"1\"><\/span>\n                        <span id=\"bwg_dots_2_0\" class=\"bwg_slideshow_dots_0 bwg_slideshow_dots_deactive_0\" onclick=\"bwg_change_image(parseInt(jQuery('#bwg_current_image_key_0').val()), '2', '', '', 0)\" image_id=\"4\" image_key=\"2\"><\/span>\n                        <span id=\"bwg_dots_3_0\" class=\"bwg_slideshow_dots_0 bwg_slideshow_dots_deactive_0\" onclick=\"bwg_change_image(parseInt(jQuery('#bwg_current_image_key_0').val()), '3', '', '', 0)\" image_id=\"3\" image_key=\"3\"><\/span>\n                        <span id=\"bwg_dots_4_0\" class=\"bwg_slideshow_dots_0 bwg_slideshow_dots_deactive_0\" onclick=\"bwg_change_image(parseInt(jQuery('#bwg_current_image_key_0').val()), '4', '', '', 0)\" image_id=\"5\" image_key=\"4\"><\/span>\n                        <span id=\"bwg_dots_5_0\" class=\"bwg_slideshow_dots_0 bwg_slideshow_dots_deactive_0\" onclick=\"bwg_change_image(parseInt(jQuery('#bwg_current_image_key_0').val()), '5', '', '', 0)\" image_id=\"6\" image_key=\"5\"><\/span>\n                        <span id=\"bwg_dots_6_0\" class=\"bwg_slideshow_dots_0 bwg_slideshow_dots_deactive_0\" onclick=\"bwg_change_image(parseInt(jQuery('#bwg_current_image_key_0').val()), '6', '', '', 0)\" image_id=\"7\" image_key=\"6\"><\/span>\n                        <span id=\"bwg_dots_7_0\" class=\"bwg_slideshow_dots_0 bwg_slideshow_dots_deactive_0\" onclick=\"bwg_change_image(parseInt(jQuery('#bwg_current_image_key_0').val()), '7', '', '', 0)\" image_id=\"8\" image_key=\"7\"><\/span>\n                    <\/div>\n      <\/div>\n          <div id=\"bwg_slideshow_image_container_0\"\n         class=\"bwg_slideshow_image_container_0\"\n         data-params='{&quot;bwg_source&quot;:&quot;slider&quot;,&quot;bwg_current_key&quot;:&quot;&quot;,&quot;bwg_transition_duration&quot;:500,&quot;bwg_trans_in_progress&quot;:false,&quot;data&quot;:[{&quot;id&quot;:&quot;1&quot;,&quot;alt&quot;:&quot;&quot;,&quot;description&quot;:&quot;Aperture: 22&amp;lt;br \\\/&amp;gt;Camera: NIKON D3200&amp;lt;br \\\/&amp;gt;Iso: 6400&amp;lt;br \\\/&amp;gt;Orientation: 1&amp;lt;br \\\/&amp;gt;&quot;,&quot;filetype&quot;:&quot;jpg&quot;,&quot;filename&quot;:&quot;DSC0062-1&quot;,&quot;image_url&quot;:&quot;\\\/imported_from_media_libray\\\/DSC0062-1.jpg?bwg=1719205132&quot;,&quot;thumb_url&quot;:&quot;\\\/imported_from_media_libray\\\/thumb\\\/DSC0062-1.jpg?bwg=1719205132&quot;,&quot;redirect_url&quot;:&quot;&quot;,&quot;date&quot;:&quot;2024-06-24 04:54:33&quot;,&quot;is_embed&quot;:false,&quot;is_embed_video&quot;:false,&quot;image_width&quot;:&quot;1600&quot;,&quot;image_height&quot;:&quot;1064&quot;,&quot;thumb_width&quot;:&quot;500.00&quot;,&quot;thumb_height&quot;:&quot;333.00&quot;},{&quot;id&quot;:&quot;2&quot;,&quot;alt&quot;:&quot;&quot;,&quot;description&quot;:&quot;Aperture: 22&amp;lt;br \\\/&amp;gt;Camera: NIKON D3200&amp;lt;br \\\/&amp;gt;Iso: 5000&amp;lt;br \\\/&amp;gt;Orientation: 1&amp;lt;br \\\/&amp;gt;&quot;,&quot;filetype&quot;:&quot;jpg&quot;,&quot;filename&quot;:&quot;DSC0043-1&quot;,&quot;image_url&quot;:&quot;\\\/imported_from_media_libray\\\/DSC0043-1.jpg?bwg=1719205132&quot;,&quot;thumb_url&quot;:&quot;\\\/imported_from_media_libray\\\/thumb\\\/DSC0043-1.jpg?bwg=1719205132&quot;,&quot;redirect_url&quot;:&quot;&quot;,&quot;date&quot;:&quot;2024-06-24 04:54:36&quot;,&quot;is_embed&quot;:false,&quot;is_embed_video&quot;:false,&quot;image_width&quot;:&quot;1600&quot;,&quot;image_height&quot;:&quot;1064&quot;,&quot;thumb_width&quot;:&quot;500.00&quot;,&quot;thumb_height&quot;:&quot;333.00&quot;},{&quot;id&quot;:&quot;4&quot;,&quot;alt&quot;:&quot;&quot;,&quot;description&quot;:&quot;Aperture: 22&amp;lt;br \\\/&amp;gt;Camera: NIKON D3200&amp;lt;br \\\/&amp;gt;Iso: 6400&amp;lt;br \\\/&amp;gt;Orientation: 1&amp;lt;br \\\/&amp;gt;&quot;,&quot;filetype&quot;:&quot;jpg&quot;,&quot;filename&quot;:&quot;DSC0079&quot;,&quot;image_url&quot;:&quot;\\\/imported_from_media_libray\\\/DSC0079.jpg?bwg=1719205132&quot;,&quot;thumb_url&quot;:&quot;\\\/imported_from_media_libray\\\/thumb\\\/DSC0079.jpg?bwg=1719205132&quot;,&quot;redirect_url&quot;:&quot;&quot;,&quot;date&quot;:&quot;2024-06-24 04:54:40&quot;,&quot;is_embed&quot;:false,&quot;is_embed_video&quot;:false,&quot;image_width&quot;:&quot;1600&quot;,&quot;image_height&quot;:&quot;1064&quot;,&quot;thumb_width&quot;:&quot;500.00&quot;,&quot;thumb_height&quot;:&quot;333.00&quot;},{&quot;id&quot;:&quot;3&quot;,&quot;alt&quot;:&quot;&quot;,&quot;description&quot;:&quot;Aperture: 20&amp;lt;br \\\/&amp;gt;Camera: NIKON D3200&amp;lt;br \\\/&amp;gt;Iso: 6400&amp;lt;br \\\/&amp;gt;Orientation: 1&amp;lt;br \\\/&amp;gt;&quot;,&quot;filetype&quot;:&quot;jpg&quot;,&quot;filename&quot;:&quot;DSC0172&quot;,&quot;image_url&quot;:&quot;\\\/imported_from_media_libray\\\/DSC0172.jpg?bwg=1719205132&quot;,&quot;thumb_url&quot;:&quot;\\\/imported_from_media_libray\\\/thumb\\\/DSC0172.jpg?bwg=1719205132&quot;,&quot;redirect_url&quot;:&quot;&quot;,&quot;date&quot;:&quot;2024-06-24 04:54:38&quot;,&quot;is_embed&quot;:false,&quot;is_embed_video&quot;:false,&quot;image_width&quot;:&quot;1600&quot;,&quot;image_height&quot;:&quot;1064&quot;,&quot;thumb_width&quot;:&quot;500.00&quot;,&quot;thumb_height&quot;:&quot;333.00&quot;},{&quot;id&quot;:&quot;5&quot;,&quot;alt&quot;:&quot;&quot;,&quot;description&quot;:&quot;Aperture: 22&amp;lt;br \\\/&amp;gt;Camera: NIKON D3200&amp;lt;br \\\/&amp;gt;Iso: 6400&amp;lt;br \\\/&amp;gt;Orientation: 1&amp;lt;br \\\/&amp;gt;&quot;,&quot;filetype&quot;:&quot;jpg&quot;,&quot;filename&quot;:&quot;DSC0105&quot;,&quot;image_url&quot;:&quot;\\\/imported_from_media_libray\\\/DSC0105.jpg?bwg=1719205132&quot;,&quot;thumb_url&quot;:&quot;\\\/imported_from_media_libray\\\/thumb\\\/DSC0105.jpg?bwg=1719205132&quot;,&quot;redirect_url&quot;:&quot;&quot;,&quot;date&quot;:&quot;2024-06-24 04:54:43&quot;,&quot;is_embed&quot;:false,&quot;is_embed_video&quot;:false,&quot;image_width&quot;:&quot;1600&quot;,&quot;image_height&quot;:&quot;1064&quot;,&quot;thumb_width&quot;:&quot;500.00&quot;,&quot;thumb_height&quot;:&quot;333.00&quot;},{&quot;id&quot;:&quot;6&quot;,&quot;alt&quot;:&quot;&quot;,&quot;description&quot;:&quot;Aperture: 2.2&amp;lt;br \\\/&amp;gt;Camera: iPhone 15 Pro&amp;lt;br \\\/&amp;gt;Iso: 250&amp;lt;br \\\/&amp;gt;Orientation: 1&amp;lt;br \\\/&amp;gt;&quot;,&quot;filetype&quot;:&quot;jpg&quot;,&quot;filename&quot;:&quot;IMG_6561-scaled&quot;,&quot;image_url&quot;:&quot;\\\/imported_from_media_libray\\\/IMG_6561-scaled.jpg?bwg=1719205132&quot;,&quot;thumb_url&quot;:&quot;\\\/imported_from_media_libray\\\/thumb\\\/IMG_6561-scaled.jpg?bwg=1719205132&quot;,&quot;redirect_url&quot;:&quot;&quot;,&quot;date&quot;:&quot;2024-06-24 04:54:46&quot;,&quot;is_embed&quot;:false,&quot;is_embed_video&quot;:false,&quot;image_width&quot;:&quot;900&quot;,&quot;image_height&quot;:&quot;1200&quot;,&quot;thumb_width&quot;:&quot;375.00&quot;,&quot;thumb_height&quot;:&quot;500.00&quot;},{&quot;id&quot;:&quot;7&quot;,&quot;alt&quot;:&quot;&quot;,&quot;description&quot;:&quot;Aperture: 22&amp;lt;br \\\/&amp;gt;Camera: NIKON D3200&amp;lt;br \\\/&amp;gt;Iso: 6400&amp;lt;br \\\/&amp;gt;Orientation: 1&amp;lt;br \\\/&amp;gt;&quot;,&quot;filetype&quot;:&quot;jpg&quot;,&quot;filename&quot;:&quot;DSC0093&quot;,&quot;image_url&quot;:&quot;\\\/imported_from_media_libray\\\/DSC0093.jpg?bwg=1719205132&quot;,&quot;thumb_url&quot;:&quot;\\\/imported_from_media_libray\\\/thumb\\\/DSC0093.jpg?bwg=1719205132&quot;,&quot;redirect_url&quot;:&quot;&quot;,&quot;date&quot;:&quot;2024-06-24 04:54:48&quot;,&quot;is_embed&quot;:false,&quot;is_embed_video&quot;:false,&quot;image_width&quot;:&quot;1600&quot;,&quot;image_height&quot;:&quot;1064&quot;,&quot;thumb_width&quot;:&quot;500.00&quot;,&quot;thumb_height&quot;:&quot;333.00&quot;},{&quot;id&quot;:&quot;8&quot;,&quot;alt&quot;:&quot;&quot;,&quot;description&quot;:&quot;Aperture: 22&amp;lt;br \\\/&amp;gt;Camera: NIKON D3200&amp;lt;br \\\/&amp;gt;Iso: 6400&amp;lt;br \\\/&amp;gt;Orientation: 1&amp;lt;br \\\/&amp;gt;&quot;,&quot;filetype&quot;:&quot;jpg&quot;,&quot;filename&quot;:&quot;DSC0021&quot;,&quot;image_url&quot;:&quot;\\\/imported_from_media_libray\\\/DSC0021.jpg?bwg=1719205132&quot;,&quot;thumb_url&quot;:&quot;\\\/imported_from_media_libray\\\/thumb\\\/DSC0021.jpg?bwg=1719205132&quot;,&quot;redirect_url&quot;:&quot;&quot;,&quot;date&quot;:&quot;2024-06-24 04:54:50&quot;,&quot;is_embed&quot;:false,&quot;is_embed_video&quot;:false,&quot;image_width&quot;:&quot;1600&quot;,&quot;image_height&quot;:&quot;1064&quot;,&quot;thumb_width&quot;:&quot;500.00&quot;,&quot;thumb_height&quot;:&quot;333.00&quot;}],&quot;width_or_height&quot;:&quot;width&quot;,&quot;filmstrip_thumb_margin_hor&quot;:2,&quot;left_or_top&quot;:&quot;left&quot;,&quot;outerWidth_or_outerHeight&quot;:&quot;outerWidth&quot;,&quot;enable_slideshow_shuffle&quot;:0,&quot;lightbox_filmstrip_thumb_border_width&quot;:&quot;1&quot;,&quot;thumb_click_action&quot;:&quot;open_lightbox&quot;,&quot;thumb_link_target&quot;:&quot;1&quot;,&quot;upload_url&quot;:&quot;https:\\\/\\\/ubytovanistars.cz\\\/wp-content\\\/uploads\\\/photo-gallery&quot;,&quot;preload_images&quot;:&quot;1&quot;,&quot;slideshow_effect&quot;:&quot;fade&quot;,&quot;event_stack&quot;:&quot;&quot;,&quot;preload_images_count&quot;:10,&quot;image_width&quot;:1800,&quot;image_height&quot;:800,&quot;thumb_width&quot;:&quot;250&quot;,&quot;thumb_height&quot;:&quot;140&quot;,&quot;filmstrip_direction&quot;:&quot;horizontal&quot;,&quot;slideshow_filmstrip_type&quot;:&quot;0&quot;,&quot;slideshow_thumbnails_count&quot;:&quot;5&quot;,&quot;slideshow_filmstrip_width&quot;:0,&quot;slideshow_filmstrip_height&quot;:0,&quot;slideshow_filmstrip_rl_btn_size&quot;:&quot;20&quot;,&quot;slideshow_play_pause_btn_size&quot;:&quot;35&quot;,&quot;watermark_type&quot;:&quot;90&quot;,&quot;watermark_height&quot;:&quot;90&quot;,&quot;watermark_font_size&quot;:&quot;20&quot;,&quot;slideshow_title_font_size&quot;:&quot;16&quot;,&quot;slideshow_description_font_size&quot;:&quot;14&quot;,&quot;bwg_playInterval&quot;:&quot;&quot;,&quot;slideshow_interval&quot;:5,&quot;image_right_click&quot;:&quot;1&quot;,&quot;enable_slideshow_autoplay&quot;:1,&quot;enable_slideshow_music&quot;:&quot;0&quot;,&quot;bwg_current_filmstrip_pos&quot;:0}'\n         data-filmstrip-position=\"bottom\"\n         data-filmstrip-size=\"0\">\n      <div class=\"bwg_slide_container_0\">\n        <div class=\"bwg_slide_bg_0\">\n          <div class=\"bwg_slider_0\">\n                            <span class=\"bwg_slideshow_image_spun_0\" id=\"image_id_0_1\">\n                    <span class=\"bwg_slideshow_image_spun1_0\">\n                      <span class=\"bwg_slideshow_image_spun2_0\">\n                                                  <a  class=\"bwg-a bwg_lightbox\" href=\"https:\/\/ubytovanistars.cz\/wp-content\/uploads\/photo-gallery\/imported_from_media_libray\/DSC0062-1.jpg?bwg=1719205132\" data-image-id=\"1\" data-elementor-open-lightbox=\"no\">\n                          <img decoding=\"async\" id=\"bwg_slideshow_image_0\"\n                               class=\"skip-lazy bwg_slide bwg_slideshow_image_0\"\n                               src=\"https:\/\/ubytovanistars.cz\/wp-content\/uploads\/photo-gallery\/imported_from_media_libray\/DSC0062-1.jpg?bwg=1719205132\"\n                               data-src=\"https:\/\/ubytovanistars.cz\/wp-content\/uploads\/photo-gallery\/imported_from_media_libray\/DSC0062-1.jpg?bwg=1719205132\"\n                               image_id=\"1\"\n                               alt=\"\" \/>\n                          <\/a>\n                                                <\/span>\n                    <\/span>\n                  <\/span>\n                <span class=\"bwg_slideshow_image_second_spun_0\">\n                  <\/span>\n                <input type=\"hidden\" id=\"bwg_current_image_key_0\" value=\"0\" \/>\n                          <\/div>\n        <\/div>\n      <\/div>\n              <a class=\"bwg-a\" id=\"spider_slideshow_left_0\" onclick=\"bwg_change_image(parseInt(jQuery('#bwg_current_image_key_0').val()), (parseInt(jQuery('#bwg_current_image_key_0').val()) + 8 - bwg_iterator(0)) % 8, '', '', 0); return false;\"><span id=\"spider_slideshow_left-ico_0\"><span><i class=\"bwg-icon-angle-left bwg_slideshow_prev_btn_0\"><\/i><\/span><\/span><\/a>\n        <span id=\"bwg_slideshow_play_pause_0\" class=\"bwg_slideshow_play_pause\" style=\"display: undefined;\"><span><span id=\"bwg_slideshow_play_pause-ico_0\"><i class=\"bwg-icon-play bwg_ctrl_btn_0 bwg_slideshow_play_pause_0\"><\/i><\/span><\/span><\/span>\n        <a class=\"bwg-a\" id=\"spider_slideshow_right_0\" onclick=\"bwg_change_image(parseInt(jQuery('#bwg_current_image_key_0').val()), (parseInt(jQuery('#bwg_current_image_key_0').val()) + bwg_iterator(0)) % 8, '', '', 0); return false;\"><span id=\"spider_slideshow_right-ico_0\"><span><i class=\"bwg-icon-angle-right bwg_slideshow_next_btn_0\"><\/i><\/span><\/span><\/a>\n            <\/div>\n      <\/div>\n            <\/div>\n        <input type=\"hidden\" name=\"trp-form-language\" value=\"en\"\/><\/form>\n                <div id=\"bwg_spider_popup_loading_0\" class=\"bwg_spider_popup_loading\"><\/div>\n        <div id=\"spider_popup_overlay_0\" class=\"spider_popup_overlay\" onclick=\"spider_destroypopup(1000)\"><\/div>\n        <input type=\"hidden\" id=\"bwg_random_seed_0\" value=\"1488778835\">\n                <\/div>\n    <\/div>\n    <script>\n      if (document.readyState === 'complete') {\n        if( typeof bwg_main_ready == 'function' ) {\n          if ( jQuery(\"#bwg_container1_0\").height() ) {\n            bwg_main_ready(jQuery(\"#bwg_container1_0\"));\n          }\n        }\n      } else {\n        document.addEventListener('DOMContentLoaded', function() {\n          if( typeof bwg_main_ready == 'function' ) {\n            if ( jQuery(\"#bwg_container1_0\").height() ) {\n             bwg_main_ready(jQuery(\"#bwg_container1_0\"));\n            }\n          }\n        });\n      }\n    <\/script>\n    <\/div><\/div><\/div><\/div><\/div>\n\n\n<p><\/p>","protected":false},"excerpt":{"rendered":"","protected":false},"author":2,"featured_media":0,"parent":0,"menu_order":0,"comment_status":"closed","ping_status":"closed","template":"page-builder.php","meta":{"om_disable_all_campaigns":false,"_monsterinsights_skip_tracking":false,"_monsterinsights_sitenote_active":false,"_monsterinsights_sitenote_note":"","_monsterinsights_sitenote_category":0,"two_page_speed":[],"footnotes":""},"class_list":["post-482","page","type-page","status-publish","hentry"],"aioseo_notices":[],"_links":{"self":[{"href":"https:\/\/ubytovanistars.cz\/en\/wp-json\/wp\/v2\/pages\/482","targetHints":{"allow":["GET"]}}],"collection":[{"href":"https:\/\/ubytovanistars.cz\/en\/wp-json\/wp\/v2\/pages"}],"about":[{"href":"https:\/\/ubytovanistars.cz\/en\/wp-json\/wp\/v2\/types\/page"}],"author":[{"embeddable":true,"href":"https:\/\/ubytovanistars.cz\/en\/wp-json\/wp\/v2\/users\/2"}],"replies":[{"embeddable":true,"href":"https:\/\/ubytovanistars.cz\/en\/wp-json\/wp\/v2\/comments?post=482"}],"version-history":[{"count":0,"href":"https:\/\/ubytovanistars.cz\/en\/wp-json\/wp\/v2\/pages\/482\/revisions"}],"wp:attachment":[{"href":"https:\/\/ubytovanistars.cz\/en\/wp-json\/wp\/v2\/media?parent=482"}],"curies":[{"name":"wp","href":"https:\/\/api.w.org\/{rel}","templated":true}]}}